{"id":1356,"date":"2022-11-28T00:26:15","date_gmt":"2022-11-27T22:26:15","guid":{"rendered":"https:\/\/www.sibyllekefer.at\/blog\/?page_id=1356"},"modified":"2024-05-30T22:01:42","modified_gmt":"2024-05-30T20:01:42","slug":"werkverzeichnis-2","status":"publish","type":"page","link":"https:\/\/www.sibyllekefer.at\/blog\/werkverzeichnis-2\/","title":{"rendered":"werkverzeichnis"},"content":{"rendered":"\n<h2 class=\"wp-block-heading\">1) soloproduktionen sibylle kefer:<\/h2>\n\n\n\n<ul class=\"wp-block-list\">\n<li>sibylle kefer: hoid (medienmanufaktur wien, 2023)<\/li>\n\n\n\n<li>sibylle kefer: <em>sibylle kefer<\/em> (sie-records 2019)<\/li>\n\n\n\n<li>sibylle kefer: <em>hob i di<\/em> (BaderMoldenRecordings, 2017)<\/li>\n\n\n\n<li>sibylle kefer: <em>considerably reduced<\/em> (sie-records 2012)<\/li>\n\n\n\n<li>sibylle kefer: <em>weg<\/em> (sie-records 2011)<\/li>\n\n\n\n<li>SiE (pseudonym von sibylle kefer): <em>Alice im Wunderland<\/em> (cracked anegg 2007)<\/li>\n<\/ul>\n\n\n\n<h2 class=\"wp-block-heading\">2) publikationen sibylle kefer:<\/h2>\n\n\n\n<ul class=\"wp-block-list\">\n<li>diplomarbeit magisterstudium musiktherapie (universit\u00e4t f\u00fcr musik und darstellende kunst wien, 2020 &#8211; nachgraduierung): die kontrolle der kontrolle ist das ma\u00df der freiheit. kontrollverlust\u00e4ngste bei kindern in einer bindungsorientierten musiktherapie<\/li>\n\n\n\n<li>synchronisation (wissenschaftliche arbeit am JAM-Music lab zur Erlangung des Diplomstudiums IGP)<\/li>\n\n\n\n<li>diplomarbeit kurzstudium musiktherapie (universit\u00e4t f\u00fcr musik und darstellende kunst wien, 2000): weil ein f kein fis sein kann, perfektionismus in der musiktherapie<\/li>\n<\/ul>\n\n\n\n<h2 class=\"wp-block-heading\">3) auswahl werke mit teilnahme sibylle kefer:<\/h2>\n\n\n\n<p>molden &amp; seiler feat. kefer, lacherstorfer, petrowa:<\/p>\n\n\n\n<ul class=\"wp-block-list\">\n<li>zwidan zwa (badermolden 2023)<\/li>\n<\/ul>\n\n\n\n<p>ernst molden und das frauenorchester:<\/p>\n\n\n\n<ul class=\"wp-block-list\">\n<li>neiche zeit (badermolden 2021)<\/li>\n\n\n\n<li>dei schwesta waand (badermolden 2018)<\/li>\n<\/ul>\n\n\n\n<p>ernst molden:<\/p>\n\n\n\n<ul class=\"wp-block-list\">\n<li>schdrom (monkeymusic 2016)<\/li>\n\n\n\n<li>weidafoan (monkey-music 2012)<\/li>\n\n\n\n<li>es lem (monkeymusic 2011)<\/li>\n\n\n\n<li>bubenlieder (monkey music 2006)<\/li>\n<\/ul>\n\n\n\n<p>ausseer hardbradler:<\/p>\n\n\n\n<ul class=\"wp-block-list\">\n<li>live in concert (ylee 2005)<\/li>\n\n\n\n<li>volkspunk (ylee 2004)<\/li>\n\n\n\n<li>cuba (ylee 2003)<\/li>\n<\/ul>\n\n\n\n<h2 class=\"wp-block-heading\"><\/h2>\n\n\n\n<h2 class=\"wp-block-heading\"><\/h2>\n\n\n\n<h2 class=\"wp-block-heading\"><\/h2>\n\n\n\n<h2 class=\"wp-block-heading\"><\/h2>\n","protected":false},"excerpt":{"rendered":"<p>1) soloproduktionen sibylle kefer: 2) publikationen sibylle kefer: 3) auswahl werke mit teilnahme sibylle kefer: molden &amp; seiler feat. kefer, lacherstorfer, petrowa: ernst molden und das frauenorchester: ernst molden: ausseer hardbradler:<\/p>\n","protected":false},"author":2,"featured_media":0,"parent":0,"menu_order":0,"comment_status":"closed","ping_status":"closed","template":"","meta":{"footnotes":""},"class_list":["post-1356","page","type-page","status-publish","hentry"],"_links":{"self":[{"href":"https:\/\/www.sibyllekefer.at\/blog\/wp-json\/wp\/v2\/pages\/1356","targetHints":{"allow":["GET"]}}],"collection":[{"href":"https:\/\/www.sibyllekefer.at\/blog\/wp-json\/wp\/v2\/pages"}],"about":[{"href":"https:\/\/www.sibyllekefer.at\/blog\/wp-json\/wp\/v2\/types\/page"}],"author":[{"embeddable":true,"href":"https:\/\/www.sibyllekefer.at\/blog\/wp-json\/wp\/v2\/users\/2"}],"replies":[{"embeddable":true,"href":"https:\/\/www.sibyllekefer.at\/blog\/wp-json\/wp\/v2\/comments?post=1356"}],"version-history":[{"count":11,"href":"https:\/\/www.sibyllekefer.at\/blog\/wp-json\/wp\/v2\/pages\/1356\/revisions"}],"predecessor-version":[{"id":2089,"href":"https:\/\/www.sibyllekefer.at\/blog\/wp-json\/wp\/v2\/pages\/1356\/revisions\/2089"}],"wp:attachment":[{"href":"https:\/\/www.sibyllekefer.at\/blog\/wp-json\/wp\/v2\/media?parent=1356"}],"curies":[{"name":"wp","href":"https:\/\/api.w.org\/{rel}","templated":true}]}}